{"id":626,"date":"2017-02-02T14:26:58","date_gmt":"2017-02-02T13:26:58","guid":{"rendered":"http:\/\/test.kriesi.at\/enfold-2017\/?page_id=626"},"modified":"2017-04-26T15:04:32","modified_gmt":"2017-04-26T13:04:32","slug":"azienda","status":"publish","type":"page","link":"https:\/\/www.mbm-tersa.com\/mbm\/azienda\/","title":{"rendered":"Azienda"},"content":{"rendered":"<div style=' margin-top:60px; margin-bottom:60px;'  class='hr hr-custom hr-center hr-icon-no '><span class='hr-inner   inner-border-av-border-none' style=' width:50px;' ><span class='hr-inner-style'><\/span><\/span><\/div>\n<div class=\"flex_column av_one_full  flex_column_div av-zero-column-padding first  \" style='border-radius:0px; '><section class=\"av_textblock_section\"  itemscope=\"itemscope\" itemtype=\"https:\/\/schema.org\/CreativeWork\" ><div class='avia_textblock '   itemprop=\"text\" ><h1>Azienda<\/h1>\n<h4>MBM srl,\u00a0oltre 40 anni di presenza sul mercato<\/h4>\n<\/div><\/section><\/div>\n<div style=' margin-top:30px; margin-bottom:30px;'  class='hr hr-custom hr-center hr-icon-no '><span class='hr-inner   inner-border-av-border-thin' style=' width:100%; border-color:#e8e8e8;' ><span class='hr-inner-style'><\/span><\/span><\/div>\n<div class=\"flex_column av_one_half  flex_column_div av-zero-column-padding first  \" style='border-radius:0px; '><section class=\"av_textblock_section\"  itemscope=\"itemscope\" itemtype=\"https:\/\/schema.org\/CreativeWork\" ><div class='avia_textblock '   itemprop=\"text\" ><h5>MBM si \u00e8 affermata per la qualit\u00e0 dei suoi prodotti e per la trasparenza nel rapporto con la clientela.<\/h5>\n<p>Dal 1975 MBM \u00e8 presente sul mercato e continua ad essere un costante punto di riferimento per tutti i costruttori di macchine da legno, garantendo prodotti affidabili grazie all\u2019esperienza acquisita, ma anche innovativi dal punto di vista tecnologico e della qualit\u00e0.<\/p>\n<\/div><\/section><\/div><div class=\"flex_column av_one_half  flex_column_div av-zero-column-padding   \" style='border-radius:0px; '><section class=\"av_textblock_section\"  itemscope=\"itemscope\" itemtype=\"https:\/\/schema.org\/CreativeWork\" ><div class='avia_textblock '   itemprop=\"text\" ><h5>MBM \u00e8 l\u2019unico produttore \/ distributore del sistema TERSA in Italia.<\/h5>\n<p>TERSA \u00e8 il sistema pi\u00f9 avanzato nel campo della piallatura. La continua ricerca di MBM \u00e8 supportata dal notevole parco macchine CNC e dal reparto di collaudo e metrologia, che permettono all\u2019azienda di soddisfare forniture complesse, complete di trattamenti e collaudi finali. Puntualit\u00e0 e seriet\u00e0 nell\u2019evasione delle commesse sono le prerogative dell\u2019azienda.<\/p>\n<\/div><\/section><\/div><div style=' margin-top:30px; margin-bottom:30px;'  class='hr hr-custom hr-center hr-icon-no '><span class='hr-inner   inner-border-av-border-thin' style=' width:100%; border-color:#e8e8e8;' ><span class='hr-inner-style'><\/span><\/span><\/div><\/p>\n<div class=\"flex_column av_one_half  flex_column_div av-zero-column-padding first  \" style='border-radius:0px; '><div class='avia-image-container  av-styling-no-styling av-hover-grow  avia-align-center '  itemscope=\"itemscope\" itemtype=\"https:\/\/schema.org\/ImageObject\"  ><div class='avia-image-container-inner'><img class='avia_image ' src='https:\/\/www.mbm-tersa.com\/mbm\/wp-content\/uploads\/mbm-azienda.jpg' alt='' title='mbm-azienda'   itemprop=\"thumbnailUrl\"  \/><\/div><\/div><\/div>\n<div class=\"flex_column av_one_half  flex_column_div av-zero-column-padding   \" style='border-radius:0px; '><section class=\"av_textblock_section\"  itemscope=\"itemscope\" itemtype=\"https:\/\/schema.org\/CreativeWork\" ><div class='avia_textblock '   itemprop=\"text\" ><h4>Qualit\u00e0<\/h4>\n<h5>La produzione avviene interamente nei nostri stabilimenti con macchine utensili CNC di marche prestigiose e operatori con competenza.<\/h5>\n<p>Ogni lotto di fornitura viene consegnato con i relativi certificati di analisi dei materiali, dei trattamenti termici e delle superfici dove richiesti oltre, ad un certificato di collaudo sulle geometrie e tolleranze dimensionali. Il processo di produzione \u00e8 sostenuto da una metodologia ordinata e precisa che serve a garantire consegna nei tempi prestabiliti e flessibilit\u00e0 nella gestione della commessa.<\/p>\n<p>Le 50 macchine a CNC presenti in azienda rappresentano un installato di grande qualit\u00e0 e modernit\u00e0 a sostegno di una produzione estremamente ampia. I marchi internazionali dei nostri macchinari sono:<\/p>\n<p><strong>Torni CNC: GILDEMEISTER, MORI SEIKI, OKUMA<\/strong><\/p>\n<p><strong>Centri di lavoro: CHIRON, MAZAK, DMG<\/strong><\/p>\n<p><strong>Rettificatrici: FAVRETTO, STUDER<\/strong><\/p>\n<\/div><\/section><\/div>\n","protected":false},"excerpt":{"rendered":"","protected":false},"author":4,"featured_media":0,"parent":0,"menu_order":1,"comment_status":"closed","ping_status":"closed","template":"","meta":[],"yoast_head":"<!-- This site is optimized with the Yoast SEO plugin v16.4 - https:\/\/yoast.com\/wordpress\/plugins\/seo\/ -->\n<title>Azienda - MBM<\/title>\n<meta name=\"robots\" content=\"index, follow, max-snippet:-1, max-image-preview:large, max-video-preview:-1\" \/>\n<link rel=\"canonical\" href=\"https:\/\/www.mbm-tersa.com\/mbm\/azienda\/\" \/>\n<meta property=\"og:locale\" content=\"it_IT\" \/>\n<meta property=\"og:type\" content=\"article\" \/>\n<meta property=\"og:title\" content=\"Azienda - MBM\" \/>\n<meta property=\"og:url\" content=\"https:\/\/www.mbm-tersa.com\/mbm\/azienda\/\" \/>\n<meta property=\"og:site_name\" content=\"MBM\" \/>\n<meta property=\"article:modified_time\" content=\"2017-04-26T13:04:32+00:00\" \/>\n<meta name=\"twitter:card\" content=\"summary\" \/>\n<meta name=\"twitter:label1\" content=\"Tempo di lettura stimato\" \/>\n\t<meta name=\"twitter:data1\" content=\"4 minuti\" \/>\n<script type=\"application\/ld+json\" class=\"yoast-schema-graph\">{\"@context\":\"https:\/\/schema.org\",\"@graph\":[{\"@type\":\"Organization\",\"@id\":\"https:\/\/www.mbm-tersa.com\/mbm\/#organization\",\"name\":\"MBM srl\",\"url\":\"https:\/\/www.mbm-tersa.com\/mbm\/\",\"sameAs\":[],\"logo\":{\"@type\":\"ImageObject\",\"@id\":\"https:\/\/www.mbm-tersa.com\/mbm\/#logo\",\"inLanguage\":\"it-IT\",\"url\":\"https:\/\/www.mbm-tersa.com\/mbm\/wp-content\/uploads\/logo-1.png\",\"contentUrl\":\"https:\/\/www.mbm-tersa.com\/mbm\/wp-content\/uploads\/logo-1.png\",\"width\":340,\"height\":156,\"caption\":\"MBM srl\"},\"image\":{\"@id\":\"https:\/\/www.mbm-tersa.com\/mbm\/#logo\"}},{\"@type\":\"WebSite\",\"@id\":\"https:\/\/www.mbm-tersa.com\/mbm\/#website\",\"url\":\"https:\/\/www.mbm-tersa.com\/mbm\/\",\"name\":\"MBM\",\"description\":\"Componenti di prima scelta per falegnami, dal 1975\",\"publisher\":{\"@id\":\"https:\/\/www.mbm-tersa.com\/mbm\/#organization\"},\"potentialAction\":[{\"@type\":\"SearchAction\",\"target\":\"https:\/\/www.mbm-tersa.com\/mbm\/?s={search_term_string}\",\"query-input\":\"required name=search_term_string\"}],\"inLanguage\":\"it-IT\"},{\"@type\":\"WebPage\",\"@id\":\"https:\/\/www.mbm-tersa.com\/mbm\/azienda\/#webpage\",\"url\":\"https:\/\/www.mbm-tersa.com\/mbm\/azienda\/\",\"name\":\"Azienda - MBM\",\"isPartOf\":{\"@id\":\"https:\/\/www.mbm-tersa.com\/mbm\/#website\"},\"datePublished\":\"2017-02-02T13:26:58+00:00\",\"dateModified\":\"2017-04-26T13:04:32+00:00\",\"breadcrumb\":{\"@id\":\"https:\/\/www.mbm-tersa.com\/mbm\/azienda\/#breadcrumb\"},\"inLanguage\":\"it-IT\",\"potentialAction\":[{\"@type\":\"ReadAction\",\"target\":[\"https:\/\/www.mbm-tersa.com\/mbm\/azienda\/\"]}]},{\"@type\":\"BreadcrumbList\",\"@id\":\"https:\/\/www.mbm-tersa.com\/mbm\/azienda\/#breadcrumb\",\"itemListElement\":[{\"@type\":\"ListItem\",\"position\":1,\"item\":{\"@type\":\"WebPage\",\"@id\":\"https:\/\/www.mbm-tersa.com\/mbm\/\",\"url\":\"https:\/\/www.mbm-tersa.com\/mbm\/\",\"name\":\"Home\"}},{\"@type\":\"ListItem\",\"position\":2,\"item\":{\"@id\":\"https:\/\/www.mbm-tersa.com\/mbm\/azienda\/#webpage\"}}]}]}<\/script>\n<!-- \/ Yoast SEO plugin. -->","_links":{"self":[{"href":"https:\/\/www.mbm-tersa.com\/mbm\/wp-json\/wp\/v2\/pages\/626"}],"collection":[{"href":"https:\/\/www.mbm-tersa.com\/mbm\/wp-json\/wp\/v2\/pages"}],"about":[{"href":"https:\/\/www.mbm-tersa.com\/mbm\/wp-json\/wp\/v2\/types\/page"}],"author":[{"embeddable":true,"href":"https:\/\/www.mbm-tersa.com\/mbm\/wp-json\/wp\/v2\/users\/4"}],"replies":[{"embeddable":true,"href":"https:\/\/www.mbm-tersa.com\/mbm\/wp-json\/wp\/v2\/comments?post=626"}],"version-history":[{"count":6,"href":"https:\/\/www.mbm-tersa.com\/mbm\/wp-json\/wp\/v2\/pages\/626\/revisions"}],"predecessor-version":[{"id":3615,"href":"https:\/\/www.mbm-tersa.com\/mbm\/wp-json\/wp\/v2\/pages\/626\/revisions\/3615"}],"wp:attachment":[{"href":"https:\/\/www.mbm-tersa.com\/mbm\/wp-json\/wp\/v2\/media?parent=626"}],"curies":[{"name":"wp","href":"https:\/\/api.w.org\/{rel}","templated":true}]}}