{"id":3400,"date":"2017-02-07T14:22:01","date_gmt":"2017-02-07T13:22:01","guid":{"rendered":"https:\/\/www.mbm-tersa.com\/mbm\/gamma-produzione\/alberi-pialla-2\/"},"modified":"2021-05-24T15:51:53","modified_gmt":"2021-05-24T13:51:53","slug":"coltelli-tersa","status":"publish","type":"page","link":"https:\/\/www.mbm-tersa.com\/mbm\/coltelli-tersa\/","title":{"rendered":"Coltelli TERSA"},"content":{"rendered":"<div style=' margin-top:60px; margin-bottom:60px;'  class='hr hr-custom hr-center hr-icon-no '><span class='hr-inner   inner-border-av-border-none' style=' width:50px;' ><span class='hr-inner-style'><\/span><\/span><\/div>\n<div class=\"flex_column av_one_full  flex_column_div first  \" style='padding:30px 0px 30px 0px ; border-radius:0px; '><section class=\"av_textblock_section\"  itemscope=\"itemscope\" itemtype=\"https:\/\/schema.org\/CreativeWork\" ><div class='avia_textblock  av_inherit_color'  style='color:#4a4a49; '  itemprop=\"text\" ><h1>Coltelli TERSA\u00ae<\/h1>\n<p>Se la vostra azienda utilizza alberi o teste MBM-Tersa\u00ae siete amanti della qualit\u00e0 e desiderate che il risultato del vostro lavoro sia eccellente, allora utilizzate solo coltelli Tersa\u00ae originali, i soli che oltre a garantirvi una piallatura assolutamente perfetta, proteggono il vostro investimento allungando la vita dei porta utensili.<\/p>\n<\/div><\/section><\/div><div style=' margin-top:30px; margin-bottom:30px;'  class='hr hr-custom hr-center hr-icon-no '><span class='hr-inner   inner-border-av-border-thin' style=' width:100%; border-color:#e8e8e8;' ><span class='hr-inner-style'><\/span><\/span><\/div><\/p>\n<div class=\"flex_column av_one_full  flex_column_div av-zero-column-padding first  \" style='border-radius:0px; '><div class='portfolio_preview_container ' data-portfolio-id='1'>\n\t\t\t\t\t\t\t\t<div class='ajax_controlls iconfont'>\n\t\t\t\t\t\t\t\t\t<a href='#prev' class='ajax_previous' \taria-hidden='true' data-av_icon='\ue878' data-av_iconfont='entypo-fontello'><\/a>\n\t\t\t\t\t\t\t\t\t<a href='#next' class='ajax_next'\t\taria-hidden='true' data-av_icon='\ue879' data-av_iconfont='entypo-fontello'><\/a>\n\t\t\t\t\t\t\t\t\t<a class='avia_close' href='#close'\t\taria-hidden='true' data-av_icon='\ue814' data-av_iconfont='entypo-fontello'><\/a>\n\t\t\t\t\t\t\t\t<\/div>\n\t\t\t\t\t\t\t\t<div class='portfolio-details-inner'><\/div>\n\t\t\t\t\t\t\t<\/div><div class=' grid-sort-container isotope no_margin-container with-excerpt-container grid-total-even grid-col-3 grid-links-ajax' data-portfolio-id='1'><div data-ajax-id='3405' class=' grid-entry flex_column isotope-item all_sort no_margin post-entry post-entry-3405 grid-entry-overview grid-loop-1 grid-parity-odd  coltelli_sort tersa_sort  av_one_third first default_av_fullwidth '><article class='main_color inner-entry'  itemscope=\"itemscope\" itemtype=\"https:\/\/schema.org\/CreativeWork\" ><a href='https:\/\/www.mbm-tersa.com\/mbm\/prodotti\/coltello-tersa-hr12cr\/' title='Coltello TERSA\u00ae HR13%Cr'  data-rel='grid-1' class='grid-image avia-hover-fx'><img width=\"495\" height=\"400\" src=\"https:\/\/www.mbm-tersa.com\/mbm\/wp-content\/uploads\/coltello-tersaHR13Cr-1-495x400.jpg\" class=\"attachment-portfolio size-portfolio wp-post-image\" alt=\"\" loading=\"lazy\" \/><\/a><div class='grid-content'><div class='avia-arrow'><\/div><header class=\"entry-content-header\"><h3 class='grid-entry-title entry-title'  itemprop=\"headline\" ><a href='https:\/\/www.mbm-tersa.com\/mbm\/prodotti\/coltello-tersa-hr12cr\/' title='Coltello TERSA\u00ae HR13%Cr'>Coltello TERSA\u00ae HR13%Cr<\/a><\/h3><\/header><div class='grid-entry-excerpt entry-content'  itemprop=\"text\" >\u00c8 il coltello di base, temprato in superficie e non riaffilabile, \u00e8 utilizzato come usa e getta. La buona resa ne fa uno dei coltelli pi\u00f9 venduti. Viene fornito ai costruttori di piallatrici come dotazione di serie con la macchina. \u00c8 indicato per la lavorazione di legni dolci.<\/div><\/div><footer class=\"entry-footer\"><\/footer><\/article><\/div><div data-ajax-id='3395' class=' grid-entry flex_column isotope-item all_sort no_margin post-entry post-entry-3395 grid-entry-overview grid-loop-2 grid-parity-even  coltelli_sort tersa_sort  av_one_third  default_av_fullwidth '><article class='main_color inner-entry'  itemscope=\"itemscope\" itemtype=\"https:\/\/schema.org\/CreativeWork\" ><a href='https:\/\/www.mbm-tersa.com\/mbm\/prodotti\/coltello-tersa-t1\/' title='Coltello TERSA\u00ae T1'  data-rel='grid-1' class='grid-image avia-hover-fx'><img width=\"495\" height=\"400\" src=\"https:\/\/www.mbm-tersa.com\/mbm\/wp-content\/uploads\/coltello-tersat1-495x400.jpg\" class=\"attachment-portfolio size-portfolio wp-post-image\" alt=\"\" loading=\"lazy\" \/><\/a><div class='grid-content'><div class='avia-arrow'><\/div><header class=\"entry-content-header\"><h3 class='grid-entry-title entry-title'  itemprop=\"headline\" ><a href='https:\/\/www.mbm-tersa.com\/mbm\/prodotti\/coltello-tersa-t1\/' title='Coltello TERSA\u00ae T1'>Coltello TERSA\u00ae T1<\/a><\/h3><\/header><div class='grid-entry-excerpt entry-content'  itemprop=\"text\" >Confezionato in busta grigia, per la sua struttura metallurgica e per la sua geometria di taglio si pone fra l\u2019HR13% e HSS. Temprato in superficie, non riaffilabile, \u00e8 indicato per la lavorazione di legni dolci.<\/div><\/div><footer class=\"entry-footer\"><\/footer><\/article><\/div><div data-ajax-id='3416' class=' grid-entry flex_column isotope-item all_sort no_margin post-entry post-entry-3416 grid-entry-overview grid-loop-3 grid-parity-odd  coltelli_sort tersa_sort  av_one_third  default_av_fullwidth '><article class='main_color inner-entry'  itemscope=\"itemscope\" itemtype=\"https:\/\/schema.org\/CreativeWork\" ><a href='https:\/\/www.mbm-tersa.com\/mbm\/prodotti\/coltello-tersa-hr12cr-2-2\/' title='Coltello TERSA\u00ae HSS'  data-rel='grid-1' class='grid-image avia-hover-fx'><img width=\"495\" height=\"400\" src=\"https:\/\/www.mbm-tersa.com\/mbm\/wp-content\/uploads\/coltello-tersahss-1-495x400.jpg\" class=\"attachment-portfolio size-portfolio wp-post-image\" alt=\"\" loading=\"lazy\" \/><\/a><div class='grid-content'><div class='avia-arrow'><\/div><header class=\"entry-content-header\"><h3 class='grid-entry-title entry-title'  itemprop=\"headline\" ><a href='https:\/\/www.mbm-tersa.com\/mbm\/prodotti\/coltello-tersa-hr12cr-2-2\/' title='Coltello TERSA\u00ae HSS'>Coltello TERSA\u00ae HSS<\/a><\/h3><\/header><div class='grid-entry-excerpt entry-content'  itemprop=\"text\" >Confezionato in busta verde, temprato a cuore, riaffilabile fino a due volte per tagliente, \u00e8 indicato per la lavorazione di legni resinosi (strutture cellulari larghe). <\/div><\/div><footer class=\"entry-footer\"><\/footer><\/article><\/div><div data-ajax-id='3410' class=' grid-entry flex_column isotope-item all_sort no_margin post-entry post-entry-3410 grid-entry-overview grid-loop-4 grid-parity-even  coltelli_sort tersa_sort  av_one_third first default_av_fullwidth '><article class='main_color inner-entry'  itemscope=\"itemscope\" itemtype=\"https:\/\/schema.org\/CreativeWork\" ><a href='https:\/\/www.mbm-tersa.com\/mbm\/prodotti\/coltello-tersa-gold\/' title='Coltello TERSA\u00ae GOLD'  data-rel='grid-1' class='grid-image avia-hover-fx'><img width=\"495\" height=\"400\" src=\"https:\/\/www.mbm-tersa.com\/mbm\/wp-content\/uploads\/coltello-tersagold-495x400.jpg\" class=\"attachment-portfolio size-portfolio wp-post-image\" alt=\"\" loading=\"lazy\" \/><\/a><div class='grid-content'><div class='avia-arrow'><\/div><header class=\"entry-content-header\"><h3 class='grid-entry-title entry-title'  itemprop=\"headline\" ><a href='https:\/\/www.mbm-tersa.com\/mbm\/prodotti\/coltello-tersa-gold\/' title='Coltello TERSA\u00ae GOLD'>Coltello TERSA\u00ae GOLD<\/a><\/h3><\/header><div class='grid-entry-excerpt entry-content'  itemprop=\"text\" >Confezionato in busta gialla, temprato a cuore, ha la struttura dell\u2019M+, dopo l\u2019affilatura viene sottoposto ad un rivestimento di Nitruro di Titanio (TIN). Il coltello TERSA\u00ae Gold \u00e8 indicato per la lavorazione di legni tropicali di media durezza.<\/div><\/div><footer class=\"entry-footer\"><\/footer><\/article><\/div><div data-ajax-id='3422' class=' grid-entry flex_column isotope-item all_sort no_margin post-entry post-entry-3422 grid-entry-overview grid-loop-5 grid-parity-odd  coltelli_sort tersa_sort  av_one_third  default_av_fullwidth '><article class='main_color inner-entry'  itemscope=\"itemscope\" itemtype=\"https:\/\/schema.org\/CreativeWork\" ><a href='https:\/\/www.mbm-tersa.com\/mbm\/prodotti\/coltello-tersa-m\/' title='Coltello TERSA\u00ae M+'  data-rel='grid-1' class='grid-image avia-hover-fx'><img width=\"495\" height=\"400\" src=\"https:\/\/www.mbm-tersa.com\/mbm\/wp-content\/uploads\/coltello-tersam-495x400.jpg\" class=\"attachment-portfolio size-portfolio wp-post-image\" alt=\"\" loading=\"lazy\" \/><\/a><div class='grid-content'><div class='avia-arrow'><\/div><header class=\"entry-content-header\"><h3 class='grid-entry-title entry-title'  itemprop=\"headline\" ><a href='https:\/\/www.mbm-tersa.com\/mbm\/prodotti\/coltello-tersa-m\/' title='Coltello TERSA\u00ae M+'>Coltello TERSA\u00ae M+<\/a><\/h3><\/header><div class='grid-entry-excerpt entry-content'  itemprop=\"text\" >Confezionato in busta viola, temprato a cuore, riaffilabile fino a due volte per tagliente. HSS con 8% di cobalto, affilato con angolo di spoglia di 35\u00b0 ha un tagliente robusto e resistente all\u2019usura. \u00c8 indicato per la lavorazione di legni duri (strutture cellulari strette).<\/div><\/div><footer class=\"entry-footer\"><\/footer><\/article><\/div><div data-ajax-id='3429' class=' grid-entry flex_column isotope-item all_sort no_margin post-entry post-entry-3429 grid-entry-overview grid-loop-6 grid-parity-even  coltelli_sort tersa_sort  av_one_third  default_av_fullwidth '><article class='main_color inner-entry'  itemscope=\"itemscope\" itemtype=\"https:\/\/schema.org\/CreativeWork\" ><a href='https:\/\/www.mbm-tersa.com\/mbm\/prodotti\/coltello-tersa-m-diamant\/' title='Coltello TERSA\u00ae M+ Diamant'  data-rel='grid-1' class='grid-image avia-hover-fx'><img width=\"495\" height=\"400\" src=\"https:\/\/www.mbm-tersa.com\/mbm\/wp-content\/uploads\/coltello-tersamdiamant-495x400.jpg\" class=\"attachment-portfolio size-portfolio wp-post-image\" alt=\"\" loading=\"lazy\" \/><\/a><div class='grid-content'><div class='avia-arrow'><\/div><header class=\"entry-content-header\"><h3 class='grid-entry-title entry-title'  itemprop=\"headline\" ><a href='https:\/\/www.mbm-tersa.com\/mbm\/prodotti\/coltello-tersa-m-diamant\/' title='Coltello TERSA\u00ae M+ Diamant'>Coltello TERSA\u00ae M+ Diamant<\/a><\/h3><\/header><div class='grid-entry-excerpt entry-content'  itemprop=\"text\" >Confezionato in busta viola, il coltello TERSA\u00ae M+ Diamant vanta un rivestimento DLC (Diamond Like Carbon). Questo trattamento consente di migliorare notevolmente la performance dell\u2019utensile e la sua durata. Il rivestimento DLC conferisce all\u2019utensile un\u2019ottima resistenza all\u2019usura e alla fatica senza modificare la struttura metallurgica.<\/div><\/div><footer class=\"entry-footer\"><\/footer><\/article><\/div><div data-ajax-id='4591' class=' grid-entry flex_column isotope-item all_sort no_margin post-entry post-entry-4591 grid-entry-overview grid-loop-7 grid-parity-odd  coltelli_sort tersa_sort  av_one_third first default_av_fullwidth '><article class='main_color inner-entry'  itemscope=\"itemscope\" itemtype=\"https:\/\/schema.org\/CreativeWork\" ><a href='https:\/\/www.mbm-tersa.com\/mbm\/prodotti\/coltello-tersa-widia-hm-plus\/' title='Coltello TERSA\u00ae in Widia HM+'  data-rel='grid-1' class='grid-image avia-hover-fx'><img width=\"495\" height=\"400\" src=\"https:\/\/www.mbm-tersa.com\/mbm\/wp-content\/uploads\/coltello-tersa-widia-hmplus-2-495x400.jpg\" class=\"attachment-portfolio size-portfolio wp-post-image\" alt=\"\" loading=\"lazy\" \/><\/a><div class='grid-content'><div class='avia-arrow'><\/div><header class=\"entry-content-header\"><h3 class='grid-entry-title entry-title'  itemprop=\"headline\" ><a href='https:\/\/www.mbm-tersa.com\/mbm\/prodotti\/coltello-tersa-widia-hm-plus\/' title='Coltello TERSA\u00ae in Widia HM+'>Coltello TERSA\u00ae in Widia HM+<\/a><\/h3><\/header><div class='grid-entry-excerpt entry-content'  itemprop=\"text\" >Confezionato in astuccio di legno con banda rossa, il nuovo coltello HM+ nasce come alternativa al coltello di metallo duro. Realizzato con nuova lega di carburo tungsteno ha una maggiore resistenza e durezza. \u00c8 progettato per la lavorazione di legni molto duri e legni compositi: truciolare, MDF, HDF.<\/div><\/div><footer class=\"entry-footer\"><\/footer><\/article><\/div><div data-ajax-id='3436' class=' grid-entry flex_column isotope-item all_sort no_margin post-entry post-entry-3436 grid-entry-overview grid-loop-8 grid-parity-even  post-entry-last  coltelli_sort tersa_sort  av_one_third  default_av_fullwidth '><article class='main_color inner-entry'  itemscope=\"itemscope\" itemtype=\"https:\/\/schema.org\/CreativeWork\" ><a href='https:\/\/www.mbm-tersa.com\/mbm\/prodotti\/coltello-tersa-widia-hm-integrale-k12\/' title='Coltello TERSA\u00ae in Widia HM integrale K12'  data-rel='grid-1' class='grid-image avia-hover-fx'><img width=\"495\" height=\"400\" src=\"https:\/\/www.mbm-tersa.com\/mbm\/wp-content\/uploads\/coltello-tersa-widia-k12-495x400.jpg\" class=\"attachment-portfolio size-portfolio wp-post-image\" alt=\"\" loading=\"lazy\" \/><\/a><div class='grid-content'><div class='avia-arrow'><\/div><header class=\"entry-content-header\"><h3 class='grid-entry-title entry-title'  itemprop=\"headline\" ><a href='https:\/\/www.mbm-tersa.com\/mbm\/prodotti\/coltello-tersa-widia-hm-integrale-k12\/' title='Coltello TERSA\u00ae in Widia HM integrale K12'>Coltello TERSA\u00ae in Widia HM integrale K12<\/a><\/h3><\/header><div class='grid-entry-excerpt entry-content'  itemprop=\"text\" >Confezionato in astuccio di legno con banda verde \u00e8 la qualit\u00e0 pi\u00f9 dura e con migliore densit\u00e0. Particolarmente resistente all\u2019usura, viene impiegato per la lavorazione di legni durissimi, formica, agglomerati su macchine ad alta produzione.<\/div><\/div><footer class=\"entry-footer\"><\/footer><\/article><\/div><\/div><\/div>\n<div style=' margin-top:30px; margin-bottom:30px;'  class='hr hr-custom hr-center hr-icon-no '><span class='hr-inner   inner-border-av-border-thin' style=' width:100%; border-color:#e8e8e8;' ><span class='hr-inner-style'><\/span><\/span><\/div>\n","protected":false},"excerpt":{"rendered":"","protected":false},"author":4,"featured_media":0,"parent":0,"menu_order":1,"comment_status":"closed","ping_status":"closed","template":"","meta":[],"yoast_head":"<!-- This site is optimized with the Yoast SEO plugin v16.4 - https:\/\/yoast.com\/wordpress\/plugins\/seo\/ -->\n<title>Coltelli TERSA - MBM<\/title>\n<meta name=\"robots\" content=\"index, follow, max-snippet:-1, max-image-preview:large, max-video-preview:-1\" \/>\n<link rel=\"canonical\" href=\"https:\/\/www.mbm-tersa.com\/mbm\/coltelli-tersa\/\" \/>\n<meta property=\"og:locale\" content=\"it_IT\" \/>\n<meta property=\"og:type\" content=\"article\" \/>\n<meta property=\"og:title\" content=\"Coltelli TERSA - MBM\" \/>\n<meta property=\"og:url\" content=\"https:\/\/www.mbm-tersa.com\/mbm\/coltelli-tersa\/\" \/>\n<meta property=\"og:site_name\" content=\"MBM\" \/>\n<meta property=\"article:modified_time\" content=\"2021-05-24T13:51:53+00:00\" \/>\n<meta name=\"twitter:card\" content=\"summary\" \/>\n<meta name=\"twitter:label1\" content=\"Tempo di lettura stimato\" \/>\n\t<meta name=\"twitter:data1\" content=\"2 minuti\" \/>\n<script type=\"application\/ld+json\" class=\"yoast-schema-graph\">{\"@context\":\"https:\/\/schema.org\",\"@graph\":[{\"@type\":\"Organization\",\"@id\":\"https:\/\/www.mbm-tersa.com\/mbm\/#organization\",\"name\":\"MBM srl\",\"url\":\"https:\/\/www.mbm-tersa.com\/mbm\/\",\"sameAs\":[],\"logo\":{\"@type\":\"ImageObject\",\"@id\":\"https:\/\/www.mbm-tersa.com\/mbm\/#logo\",\"inLanguage\":\"it-IT\",\"url\":\"https:\/\/www.mbm-tersa.com\/mbm\/wp-content\/uploads\/logo-1.png\",\"contentUrl\":\"https:\/\/www.mbm-tersa.com\/mbm\/wp-content\/uploads\/logo-1.png\",\"width\":340,\"height\":156,\"caption\":\"MBM srl\"},\"image\":{\"@id\":\"https:\/\/www.mbm-tersa.com\/mbm\/#logo\"}},{\"@type\":\"WebSite\",\"@id\":\"https:\/\/www.mbm-tersa.com\/mbm\/#website\",\"url\":\"https:\/\/www.mbm-tersa.com\/mbm\/\",\"name\":\"MBM\",\"description\":\"Componenti di prima scelta per falegnami, dal 1975\",\"publisher\":{\"@id\":\"https:\/\/www.mbm-tersa.com\/mbm\/#organization\"},\"potentialAction\":[{\"@type\":\"SearchAction\",\"target\":\"https:\/\/www.mbm-tersa.com\/mbm\/?s={search_term_string}\",\"query-input\":\"required name=search_term_string\"}],\"inLanguage\":\"it-IT\"},{\"@type\":\"WebPage\",\"@id\":\"https:\/\/www.mbm-tersa.com\/mbm\/coltelli-tersa\/#webpage\",\"url\":\"https:\/\/www.mbm-tersa.com\/mbm\/coltelli-tersa\/\",\"name\":\"Coltelli TERSA - MBM\",\"isPartOf\":{\"@id\":\"https:\/\/www.mbm-tersa.com\/mbm\/#website\"},\"datePublished\":\"2017-02-07T13:22:01+00:00\",\"dateModified\":\"2021-05-24T13:51:53+00:00\",\"breadcrumb\":{\"@id\":\"https:\/\/www.mbm-tersa.com\/mbm\/coltelli-tersa\/#breadcrumb\"},\"inLanguage\":\"it-IT\",\"potentialAction\":[{\"@type\":\"ReadAction\",\"target\":[\"https:\/\/www.mbm-tersa.com\/mbm\/coltelli-tersa\/\"]}]},{\"@type\":\"BreadcrumbList\",\"@id\":\"https:\/\/www.mbm-tersa.com\/mbm\/coltelli-tersa\/#breadcrumb\",\"itemListElement\":[{\"@type\":\"ListItem\",\"position\":1,\"item\":{\"@type\":\"WebPage\",\"@id\":\"https:\/\/www.mbm-tersa.com\/mbm\/\",\"url\":\"https:\/\/www.mbm-tersa.com\/mbm\/\",\"name\":\"Home\"}},{\"@type\":\"ListItem\",\"position\":2,\"item\":{\"@id\":\"https:\/\/www.mbm-tersa.com\/mbm\/coltelli-tersa\/#webpage\"}}]}]}<\/script>\n<!-- \/ Yoast SEO plugin. -->","_links":{"self":[{"href":"https:\/\/www.mbm-tersa.com\/mbm\/wp-json\/wp\/v2\/pages\/3400"}],"collection":[{"href":"https:\/\/www.mbm-tersa.com\/mbm\/wp-json\/wp\/v2\/pages"}],"about":[{"href":"https:\/\/www.mbm-tersa.com\/mbm\/wp-json\/wp\/v2\/types\/page"}],"author":[{"embeddable":true,"href":"https:\/\/www.mbm-tersa.com\/mbm\/wp-json\/wp\/v2\/users\/4"}],"replies":[{"embeddable":true,"href":"https:\/\/www.mbm-tersa.com\/mbm\/wp-json\/wp\/v2\/comments?post=3400"}],"version-history":[{"count":9,"href":"https:\/\/www.mbm-tersa.com\/mbm\/wp-json\/wp\/v2\/pages\/3400\/revisions"}],"predecessor-version":[{"id":4586,"href":"https:\/\/www.mbm-tersa.com\/mbm\/wp-json\/wp\/v2\/pages\/3400\/revisions\/4586"}],"wp:attachment":[{"href":"https:\/\/www.mbm-tersa.com\/mbm\/wp-json\/wp\/v2\/media?parent=3400"}],"curies":[{"name":"wp","href":"https:\/\/api.w.org\/{rel}","templated":true}]}}